{"id":672,"date":"2017-10-10T13:09:40","date_gmt":"2017-10-10T13:09:40","guid":{"rendered":"http:\/\/perfectwashlavanderia.com.br\/?page_id=672"},"modified":"2025-07-02T16:36:30","modified_gmt":"2025-07-02T16:36:30","slug":"promocoes","status":"publish","type":"page","link":"https:\/\/perfectwashlavanderia.com.br\/index.php\/promocoes\/","title":{"rendered":"PROMO\u00c7\u00d5ES"},"content":{"rendered":"<div id=\"pl-672\"  class=\"panel-layout\" ><div id=\"pg-672-0\"  class=\"panel-grid panel-no-style\" ><div id=\"pgc-672-0-0\"  class=\"panel-grid-cell\" ><div id=\"panel-672-0-0-0\" class=\"so-panel widget widget_black-studio-tinymce widget_black_studio_tinymce panel-first-child panel-last-child\" data-index=\"0\" ><div class=\"textwidget\"><h4><strong><em>Combo Completo (lavar e passar) a partir de 10 pe\u00e7as:<\/em><\/strong><\/h4>\n<ul>\n<li>Social (camisa social + cal\u00e7a social) = Desconto de R$ 0,50 no pre\u00e7o individual de cada pe\u00e7a.<\/li>\n<li>Camisas (camisa social) = Desconto de R$ 0,50 em cada pe\u00e7a.<\/li>\n<li>Casual (camiseta, polo, cal\u00e7a jeans ou sarja, bermuda) = Desconto de R$ 0,50 no pre\u00e7o individual de cada pe\u00e7a.<\/li>\n<\/ul>\n<h4><strong><em>Combo Passadoria a partir de 10 pe\u00e7as:<\/em><\/strong><\/h4>\n<ul>\n<li>Social (camisa social + cal\u00e7a social) = Desconto de R$ 0,50 no pre\u00e7o individual de cada pe\u00e7a.<\/li>\n<li>Casual (camiseta, polo, cal\u00e7a jeans ou sarja, bermuda) = Desconto de R$ 0,50 no pre\u00e7o individual de cada pe\u00e7a.<\/li>\n<li>Camisas (camisa social) = Desconto de R$ 0,50 em cada pe\u00e7a.<\/li>\n<\/ul>\n<h4><strong><em>Edredons e Cobertores<\/em><\/strong><\/h4>\n<ul>\n<li>Solteiro = R$ 38,00<\/li>\n<li>Casal\u00a0 \u00a0 \u00a0 = R$ 41,00<\/li>\n<li>Queen\u00a0 \u00a0 = R$ 44,00<\/li>\n<li>King\u00a0 \u00a0 \u00a0 \u00a0= R$ 47,00<\/li>\n<\/ul>\n<\/div><\/div><\/div><\/div><\/div>","protected":false},"excerpt":{"rendered":"<p>Combo Completo (lavar e passar) a partir de 10 pe\u00e7as: Social (camisa social + cal\u00e7a social) = Desconto de R$ 0,50 no pre\u00e7o individual de cada pe\u00e7a. Camisas (camisa social) = Desconto de R$ 0,50 em cada pe\u00e7a. Casual (camiseta, polo, cal\u00e7a jeans ou sarja, bermuda) = Desconto de R$ 0,50 no pre\u00e7o individual de &hellip;<\/p>\n","protected":false},"author":1,"featured_media":0,"parent":0,"menu_order":0,"comment_status":"closed","ping_status":"closed","template":"","meta":{"footnotes":""},"acf":[],"_links":{"self":[{"href":"https:\/\/perfectwashlavanderia.com.br\/index.php\/wp-json\/wp\/v2\/pages\/672"}],"collection":[{"href":"https:\/\/perfectwashlavanderia.com.br\/index.php\/wp-json\/wp\/v2\/pages"}],"about":[{"href":"https:\/\/perfectwashlavanderia.com.br\/index.php\/wp-json\/wp\/v2\/types\/page"}],"author":[{"embeddable":true,"href":"https:\/\/perfectwashlavanderia.com.br\/index.php\/wp-json\/wp\/v2\/users\/1"}],"replies":[{"embeddable":true,"href":"https:\/\/perfectwashlavanderia.com.br\/index.php\/wp-json\/wp\/v2\/comments?post=672"}],"version-history":[{"count":44,"href":"https:\/\/perfectwashlavanderia.com.br\/index.php\/wp-json\/wp\/v2\/pages\/672\/revisions"}],"predecessor-version":[{"id":792,"href":"https:\/\/perfectwashlavanderia.com.br\/index.php\/wp-json\/wp\/v2\/pages\/672\/revisions\/792"}],"wp:attachment":[{"href":"https:\/\/perfectwashlavanderia.com.br\/index.php\/wp-json\/wp\/v2\/media?parent=672"}],"curies":[{"name":"wp","href":"https:\/\/api.w.org\/{rel}","templated":true}]}}