{"id":12,"date":"2015-04-14T10:13:09","date_gmt":"2015-04-14T10:13:09","guid":{"rendered":"https:\/\/xml-io.proteusthemes.com\/cargopress\/?page_id=6"},"modified":"2017-10-30T22:55:21","modified_gmt":"2017-10-30T22:55:21","slug":"home","status":"publish","type":"page","link":"https:\/\/perfectwashlavanderia.com.br\/","title":{"rendered":"Home"},"content":{"rendered":"<div id=\"pl-12\"  class=\"panel-layout\" ><div id=\"pg-12-0\"  class=\"panel-grid panel-no-style\" ><div id=\"pgc-12-0-0\"  class=\"panel-grid-cell\" ><div id=\"panel-12-0-0-0\" class=\"so-panel widget widget_black-studio-tinymce widget_black_studio_tinymce panel-first-child panel-last-child\" data-index=\"0\" ><div class=\"widget-title--big panel-widget-style panel-widget-style-for-12-0-0-0\" ><h3 class=\"widget-title\"><span class=\"widget-title__inline\">SERVI\u00c7OS<\/span><\/h3><div class=\"textwidget\"><\/div><\/div><\/div><\/div><\/div><div id=\"pg-12-1\"  class=\"panel-grid panel-no-style\" ><div id=\"pgc-12-1-0\"  class=\"panel-grid-cell\" ><div id=\"panel-12-1-0-0\" class=\"so-panel widget widget_pw_icon_box widget-icon-box panel-first-child panel-last-child\" data-index=\"1\" >\n\n\t\t<a class=\"icon-box\" href=\"#\" target=\"_self\">\n\n\t\t<i class=\"fa  fa-fire\"><\/i>\n\t\t<h4 class=\"icon-box__title\">LIMPEZA<\/h4>\n\t\t<span class=\"icon-box__subtitle\">Roupas de uso pessoal, cama, mesa, banho, enxoval, cortinas, tapetes, etc...<\/span>\n\n\t\t<\/a>\n\n<\/div><\/div><div id=\"pgc-12-1-1\"  class=\"panel-grid-cell\" ><div id=\"panel-12-1-1-0\" class=\"so-panel widget widget_pw_icon_box widget-icon-box panel-first-child panel-last-child\" data-index=\"2\" >\n\n\t\t<a class=\"icon-box\" href=\"#\" target=\"_self\">\n\n\t\t<i class=\"fa  fa-tint\"><\/i>\n\t\t<h4 class=\"icon-box__title\">HIGIENIZA\u00c7\u00c3O<\/h4>\n\t\t<span class=\"icon-box__subtitle\">Carrinho de beb\u00ea, beb\u00ea conforto, malas, t\u00eanis, bon\u00e9s, etc<\/span>\n\n\t\t<\/a>\n\n<\/div><\/div><div id=\"pgc-12-1-2\"  class=\"panel-grid-cell\" ><div id=\"panel-12-1-2-0\" class=\"so-panel widget widget_pw_icon_box widget-icon-box panel-first-child panel-last-child\" data-index=\"3\" >\n\n\t\t<a class=\"icon-box\" href=\"#\" target=\"_self\">\n\n\t\t<i class=\"fa  fa-paint-brush\"><\/i>\n\t\t<h4 class=\"icon-box__title\">TINGIMENTO<\/h4>\n\t\t<span class=\"icon-box__subtitle\">Camisas, camisetas, toalhas, len\u00e7ol, jaquetas, vestidos, blazer, etc<\/span>\n\n\t\t<\/a>\n\n<\/div><\/div><\/div><div id=\"pg-12-2\"  class=\"panel-grid panel-has-style\" ><div class=\"siteorigin-panels-stretch panel-row-style panel-row-style-for-12-2\" data-stretch-type=\"full\" ><div id=\"pgc-12-2-0\"  class=\"panel-grid-cell\" ><div id=\"panel-12-2-0-0\" class=\"so-panel widget widget_pw_call_to_action widget-call-to-action panel-first-child panel-last-child\" data-index=\"4\" >\t\t\t\t<div class=\"call-to-action\">\n\t\t\t\t\t<div class=\"call-to-action__text\">\n\t\t\t\t\t\tCONHE\u00c7A TODOS OS NOSSOS SERVI\u00c7OS\t\t\t\t\t<\/div>\n\t\t\t\t\t<div class=\"call-to-action__button\">\n\t\t\t\t\t\t<a class=\"btn    btn-info\" href=\"http:\/\/perfectwashlavanderia.com.br\/index.php\/servicos\/\" target=\"_self\">CLIQUE AQUI<\/a>\t\t\t\t\t<\/div>\n\t\t\t\t<\/div>\n\t\t\t<\/div><\/div><\/div><\/div><div id=\"pg-12-3\"  class=\"panel-grid panel-has-style\" ><div class=\"so-parallax siteorigin-panels-stretch panel-row-style panel-row-style-for-12-3\" data-stretch-type=\"full-stretched\" ><img fetchpriority=\"high\" decoding=\"async\" width=\"2071\" height=\"700\" src=\"https:\/\/perfectwashlavanderia.com.br\/wp-content\/uploads\/2015\/04\/parallax.png\" class=\"attachment-full size-full\" alt=\"\" data-siteorigin-parallax=\"true\" loading=\"eager\" srcset=\"https:\/\/perfectwashlavanderia.com.br\/wp-content\/uploads\/2015\/04\/parallax.png 2071w, https:\/\/perfectwashlavanderia.com.br\/wp-content\/uploads\/2015\/04\/parallax-300x101.png 300w, https:\/\/perfectwashlavanderia.com.br\/wp-content\/uploads\/2015\/04\/parallax-768x260.png 768w, https:\/\/perfectwashlavanderia.com.br\/wp-content\/uploads\/2015\/04\/parallax-1024x346.png 1024w\" sizes=\"(max-width: 2071px) 100vw, 2071px\" \/><div id=\"pgc-12-3-0\"  class=\"panel-grid-cell panel-grid-cell-empty\" ><\/div><div id=\"pgc-12-3-1\"  class=\"panel-grid-cell\" ><div id=\"panel-12-3-1-0\" class=\"so-panel widget widget_black-studio-tinymce widget_black_studio_tinymce panel-first-child panel-last-child\" data-index=\"5\" ><div class=\"featured-widget panel-widget-style panel-widget-style-for-12-3-1-0\" ><h3 class=\"widget-title\"><span class=\"widget-title__inline\">FALE CONOSCO<\/span><\/h3><div class=\"textwidget\">Entre em contato conosco preenchendo o formul\u00e1rio de contatos a baixo.\n<br><br>\n\n<div class=\"wpcf7 no-js\" id=\"wpcf7-f313-o1\" lang=\"en-US\" dir=\"ltr\">\n<div class=\"screen-reader-response\"><p role=\"status\" aria-live=\"polite\" aria-atomic=\"true\"><\/p> <ul><\/ul><\/div>\n<form action=\"\/index.php\/wp-json\/wp\/v2\/pages\/12#wpcf7-f313-o1\" method=\"post\" class=\"wpcf7-form init\" aria-label=\"Contact form\" novalidate=\"novalidate\" data-status=\"init\">\n<div style=\"display: none;\">\n<input type=\"hidden\" name=\"_wpcf7\" value=\"313\" \/>\n<input type=\"hidden\" name=\"_wpcf7_version\" value=\"5.8.3\" \/>\n<input type=\"hidden\" name=\"_wpcf7_locale\" value=\"en_US\" \/>\n<input type=\"hidden\" name=\"_wpcf7_unit_tag\" value=\"wpcf7-f313-o1\" \/>\n<input type=\"hidden\" name=\"_wpcf7_container_post\" value=\"0\" \/>\n<input type=\"hidden\" name=\"_wpcf7_posted_data_hash\" value=\"\" \/>\n<input type=\"hidden\" name=\"_wpcf7_recaptcha_response\" value=\"\" \/>\n<\/div>\n<div class=\"contact-form-small\">\n\t<div class=\"row\">\n\t\t<div class=\"col-xs-12  col-md-6\">\n\t\t\t<p><span class=\"wpcf7-form-control-wrap\" data-name=\"your-name\"><input size=\"40\" class=\"wpcf7-form-control wpcf7-text wpcf7-validates-as-required\" aria-required=\"true\" aria-invalid=\"false\" placeholder=\"NOME\" value=\"\" type=\"text\" name=\"your-name\" \/><\/span><br \/>\n<span class=\"wpcf7-form-control-wrap\" data-name=\"your-email\"><input size=\"40\" class=\"wpcf7-form-control wpcf7-email wpcf7-validates-as-required wpcf7-text wpcf7-validates-as-email\" aria-required=\"true\" aria-invalid=\"false\" placeholder=\"E-MAIL\" value=\"\" type=\"email\" name=\"your-email\" \/><\/span><br \/>\n<span class=\"wpcf7-form-control-wrap\" data-name=\"menu-354\"><select class=\"wpcf7-form-control wpcf7-select\" aria-invalid=\"false\" name=\"menu-354\"><option value=\"SERVI\u00c7O\">SERVI\u00c7O<\/option><option value=\"LAVANDERIA\">LAVANDERIA<\/option><option value=\"TINTURARIA\">TINTURARIA<\/option><option value=\"HIGIENIZA\u00c7\u00c3O\">HIGIENIZA\u00c7\u00c3O<\/option><option value=\"LIMPEZA\">LIMPEZA<\/option><option value=\"TRATAMENTO DE COURO\">TRATAMENTO DE COURO<\/option><option value=\"REMO\u00c7\u00c3O DE MANCHAS\">REMO\u00c7\u00c3O DE MANCHAS<\/option><\/select><\/span>\n\t\t\t<\/p>\n\t\t<\/div>\n\t\t<div class=\"col-xs-12  col-md-6\">\n\t\t\t<p><span class=\"wpcf7-form-control-wrap\" data-name=\"your-subject\"><input size=\"40\" class=\"wpcf7-form-control wpcf7-text wpcf7-validates-as-required\" aria-required=\"true\" aria-invalid=\"false\" placeholder=\"ASSUNTO DO SERVI\u00c7O\" value=\"\" type=\"text\" name=\"your-subject\" \/><\/span><br \/>\n<span class=\"wpcf7-form-control-wrap\" data-name=\"your-message\"><textarea cols=\"40\" rows=\"10\" class=\"wpcf7-form-control wpcf7-textarea\" aria-invalid=\"false\" placeholder=\"DESCREVA O SERVI\u00c7O\" name=\"your-message\"><\/textarea><\/span>\n\t\t\t<\/p>\n\t\t<\/div>\n\t\t<div class=\"col-xs-12  col-md-12\">\n\t\t\t<p><input class=\"wpcf7-form-control wpcf7-submit has-spinner btn btn-primary pull-right\" type=\"submit\" value=\"ENVIAR\" \/>\n\t\t\t<\/p>\n\t\t<\/div>\n\t<\/div>\n<\/div><div class=\"wpcf7-response-output\" aria-hidden=\"true\"><\/div>\n<\/form>\n<\/div>\n<\/div><\/div><\/div><\/div><\/div><\/div><div id=\"pg-12-4\"  class=\"panel-grid panel-no-style\" ><div id=\"pgc-12-4-0\"  class=\"panel-grid-cell\" ><div id=\"panel-12-4-0-0\" class=\"so-panel widget widget_black-studio-tinymce widget_black_studio_tinymce panel-first-child panel-last-child\" data-index=\"6\" ><div class=\"widget-title--big panel-widget-style panel-widget-style-for-12-4-0-0\" ><h3 class=\"widget-title\"><span class=\"widget-title__inline\">GALERIA DE FOTOS<\/span><\/h3><div class=\"textwidget\"><p><div id='gallery-1' class='gallery galleryid-12 gallery-columns-3 gallery-size-medium'><figure class='gallery-item'>\n\t\t\t<div class='gallery-icon landscape'>\n\t\t\t\t<a href='https:\/\/perfectwashlavanderia.com.br\/wp-content\/uploads\/2015\/04\/dsc00242.gif'><img loading=\"lazy\" decoding=\"async\" width=\"300\" height=\"225\" src=\"https:\/\/perfectwashlavanderia.com.br\/wp-content\/uploads\/2015\/04\/dsc00242-300x225.gif\" class=\"attachment-medium size-medium\" alt=\"\" \/><\/a>\n\t\t\t<\/div><\/figure><figure class='gallery-item'>\n\t\t\t<div class='gallery-icon landscape'>\n\t\t\t\t<a href='https:\/\/perfectwashlavanderia.com.br\/wp-content\/uploads\/2015\/04\/dsc00241.gif'><img loading=\"lazy\" decoding=\"async\" width=\"300\" height=\"225\" src=\"https:\/\/perfectwashlavanderia.com.br\/wp-content\/uploads\/2015\/04\/dsc00241-300x225.gif\" class=\"attachment-medium size-medium\" alt=\"\" \/><\/a>\n\t\t\t<\/div><\/figure><figure class='gallery-item'>\n\t\t\t<div class='gallery-icon landscape'>\n\t\t\t\t<a href='https:\/\/perfectwashlavanderia.com.br\/wp-content\/uploads\/2015\/04\/dsc00240.gif'><img loading=\"lazy\" decoding=\"async\" width=\"300\" height=\"225\" src=\"https:\/\/perfectwashlavanderia.com.br\/wp-content\/uploads\/2015\/04\/dsc00240-300x225.gif\" class=\"attachment-medium size-medium\" alt=\"\" \/><\/a>\n\t\t\t<\/div><\/figure><figure class='gallery-item'>\n\t\t\t<div class='gallery-icon landscape'>\n\t\t\t\t<a href='https:\/\/perfectwashlavanderia.com.br\/wp-content\/uploads\/2015\/04\/dsc00239.gif'><img loading=\"lazy\" decoding=\"async\" width=\"300\" height=\"225\" src=\"https:\/\/perfectwashlavanderia.com.br\/wp-content\/uploads\/2015\/04\/dsc00239-300x225.gif\" class=\"attachment-medium size-medium\" alt=\"\" \/><\/a>\n\t\t\t<\/div><\/figure><figure class='gallery-item'>\n\t\t\t<div class='gallery-icon landscape'>\n\t\t\t\t<a href='https:\/\/perfectwashlavanderia.com.br\/wp-content\/uploads\/2015\/04\/dsc00238.gif'><img loading=\"lazy\" decoding=\"async\" width=\"300\" height=\"225\" src=\"https:\/\/perfectwashlavanderia.com.br\/wp-content\/uploads\/2015\/04\/dsc00238-300x225.gif\" class=\"attachment-medium size-medium\" alt=\"\" \/><\/a>\n\t\t\t<\/div><\/figure><figure class='gallery-item'>\n\t\t\t<div class='gallery-icon landscape'>\n\t\t\t\t<a href='https:\/\/perfectwashlavanderia.com.br\/wp-content\/uploads\/2015\/04\/dsc00237.gif'><img loading=\"lazy\" decoding=\"async\" width=\"300\" height=\"225\" src=\"https:\/\/perfectwashlavanderia.com.br\/wp-content\/uploads\/2015\/04\/dsc00237-300x225.gif\" class=\"attachment-medium size-medium\" alt=\"\" \/><\/a>\n\t\t\t<\/div><\/figure>\n\t\t<\/div>\n<\/p><\/div><\/div><\/div><\/div><div id=\"pgc-12-4-1\"  class=\"panel-grid-cell\" ><div id=\"panel-12-4-1-0\" class=\"so-panel widget widget_black-studio-tinymce widget_black_studio_tinymce panel-first-child panel-last-child\" data-index=\"7\" ><div class=\"widget-title--big panel-widget-style panel-widget-style-for-12-4-1-0\" ><h3 class=\"widget-title\"><span class=\"widget-title__inline\">DIFERENCIAL<\/span><\/h3><div class=\"textwidget\"><h4><\/h4>\n<h4><a class=\"dark-link\" href=\"#\" >EXPERI\u00caNCIA NO MERCADO<\/a><\/h4>\n<hr \/>\n<h4><a class=\"dark-link\" href=\"#\" >SERVI\u00c7O DE QUALIDADE<\/a><\/h4>\n<hr \/>\n<h4><a class=\"dark-link\" href=\"#\" >ESTAMOS PRONTOS PARA TE ATENDER<\/a><\/h4>\n<hr \/>\n<p><a class=\"read-more\" href=\"http:\/\/perfectwashlavanderia.com.br\/index.php\/servicos\/\">SAIBA MAIS SOBRE NOSSOS SERVI\u00c7OS<\/a><\/p>\n<\/div><\/div><\/div><\/div><\/div><\/div>","protected":false},"excerpt":{"rendered":"<p>SERVI\u00c7OS LIMPEZA Roupas de uso pessoal, cama, mesa, banho, enxoval, cortinas, tapetes, etc&#8230; HIGIENIZA\u00c7\u00c3O Carrinho de beb\u00ea, beb\u00ea conforto, malas, t\u00eanis, bon\u00e9s, etc TINGIMENTO Camisas, camisetas, toalhas, len\u00e7ol, jaquetas, vestidos, blazer, etc CONHE\u00c7A TODOS OS NOSSOS SERVI\u00c7OS CLIQUE AQUI FALE CONOSCOEntre em contato conosco preenchendo o formul\u00e1rio de contatos a baixo. SERVI\u00c7OLAVANDERIATINTURARIAHIGIENIZA\u00c7\u00c3OLIMPEZATRATAMENTO DE COUROREMO\u00c7\u00c3O DE &hellip;<\/p>\n","protected":false},"author":1,"featured_media":0,"parent":0,"menu_order":0,"comment_status":"closed","ping_status":"open","template":"template-front-page-slider.php","meta":{"footnotes":""},"acf":[],"_links":{"self":[{"href":"https:\/\/perfectwashlavanderia.com.br\/index.php\/wp-json\/wp\/v2\/pages\/12"}],"collection":[{"href":"https:\/\/perfectwashlavanderia.com.br\/index.php\/wp-json\/wp\/v2\/pages"}],"about":[{"href":"https:\/\/perfectwashlavanderia.com.br\/index.php\/wp-json\/wp\/v2\/types\/page"}],"author":[{"embeddable":true,"href":"https:\/\/perfectwashlavanderia.com.br\/index.php\/wp-json\/wp\/v2\/users\/1"}],"replies":[{"embeddable":true,"href":"https:\/\/perfectwashlavanderia.com.br\/index.php\/wp-json\/wp\/v2\/comments?post=12"}],"version-history":[{"count":66,"href":"https:\/\/perfectwashlavanderia.com.br\/index.php\/wp-json\/wp\/v2\/pages\/12\/revisions"}],"predecessor-version":[{"id":721,"href":"https:\/\/perfectwashlavanderia.com.br\/index.php\/wp-json\/wp\/v2\/pages\/12\/revisions\/721"}],"wp:attachment":[{"href":"https:\/\/perfectwashlavanderia.com.br\/index.php\/wp-json\/wp\/v2\/media?parent=12"}],"curies":[{"name":"wp","href":"https:\/\/api.w.org\/{rel}","templated":true}]}}